{"id":49,"date":"2024-06-06T14:27:05","date_gmt":"2024-06-06T14:27:05","guid":{"rendered":"https:\/\/magiamallorca.com\/?post_type=product&#038;p=49"},"modified":"2025-03-08T20:23:20","modified_gmt":"2025-03-08T20:23:20","slug":"baraja-gaff","status":"publish","type":"product","link":"https:\/\/magiamallorca.com\/?product=baraja-gaff","title":{"rendered":"Baraja Super Gaff"},"content":{"rendered":"<p>Esta baraja es una colecci\u00f3n completa de cartas especialmente impresas que te permitir\u00e1n realizar much\u00edsimos milagros.<br \/>\nUna vez que abras el estuche, \u00a1te ver\u00e1s catapultado a un torbellino de exuberante locura! La baraja se compone de cartas gaff, algunas cl\u00e1sicas y otras nuevas, \u00a1y te permitir\u00e1 vagar con tu imaginaci\u00f3n en la creaci\u00f3n de tus rutinas personales! \u00a1Realmente hay para todos los gustos!<br \/>\n\u00a1Mira el video y te mostrar\u00e1 el poder vibratorio inherente de estas cartas! \u00a1M\u00edrala y comprender\u00e1s que las certezas de tus espectadores se derrumbar\u00e1n en cuanto la tengas en tus manos!<\/p>\n<p>&#8211; Impresas por la USPCC.<br \/>\n&#8211; Con dorsos Bicycle Rider.<br \/>\n&#8211; V\u00eddeo con consejos sobre c\u00f3mo utilizar las cartas suministradas. Muchos otros efectos posibles.<\/p>\n<p>&#8211; Las cartas son de tama\u00f1o p\u00f3quer.<\/p>\n<p><iframe loading=\"lazy\" title=\"Baraja Super Gaff Deck\" width=\"980\" height=\"551\" src=\"https:\/\/www.youtube.com\/embed\/mJrBwAWMhoY?feature=oembed\" frameborder=\"0\" allow=\"accelerometer; autoplay; clipboard-write; encrypted-media; gyroscope; picture-in-picture; web-share\" referrerpolicy=\"strict-origin-when-cross-origin\" allowfullscreen><\/iframe><\/p>\n","protected":false},"excerpt":{"rendered":"<p>Una baraja de cartas especialmente impresas que te permitir\u00e1 crear rutinas personales. El l\u00edmite es tu imaginaci\u00f3n<br \/>\nImpresas en baraja de p\u00f3ker Bicycle Rider en dorso rojo y acompa\u00f1ado de un tutorial con consejos de c\u00f3mo usarlas.<\/p>\n","protected":false},"featured_media":50,"comment_status":"open","ping_status":"closed","template":"","meta":[],"product_brand":[],"product_cat":[31],"product_tag":[],"class_list":{"0":"post-49","1":"product","2":"type-product","3":"status-publish","4":"has-post-thumbnail","6":"product_cat-barajas-especiales","8":"first","9":"instock","10":"taxable","11":"shipping-taxable","12":"purchasable","13":"product-type-simple"},"jetpack_sharing_enabled":true,"_links":{"self":[{"href":"https:\/\/magiamallorca.com\/index.php?rest_route=\/wp\/v2\/product\/49","targetHints":{"allow":["GET"]}}],"collection":[{"href":"https:\/\/magiamallorca.com\/index.php?rest_route=\/wp\/v2\/product"}],"about":[{"href":"https:\/\/magiamallorca.com\/index.php?rest_route=\/wp\/v2\/types\/product"}],"replies":[{"embeddable":true,"href":"https:\/\/magiamallorca.com\/index.php?rest_route=%2Fwp%2Fv2%2Fcomments&post=49"}],"wp:featuredmedia":[{"embeddable":true,"href":"https:\/\/magiamallorca.com\/index.php?rest_route=\/wp\/v2\/media\/50"}],"wp:attachment":[{"href":"https:\/\/magiamallorca.com\/index.php?rest_route=%2Fwp%2Fv2%2Fmedia&parent=49"}],"wp:term":[{"taxonomy":"product_brand","embeddable":true,"href":"https:\/\/magiamallorca.com\/index.php?rest_route=%2Fwp%2Fv2%2Fproduct_brand&post=49"},{"taxonomy":"product_cat","embeddable":true,"href":"https:\/\/magiamallorca.com\/index.php?rest_route=%2Fwp%2Fv2%2Fproduct_cat&post=49"},{"taxonomy":"product_tag","embeddable":true,"href":"https:\/\/magiamallorca.com\/index.php?rest_route=%2Fwp%2Fv2%2Fproduct_tag&post=49"}],"curies":[{"name":"wp","href":"https:\/\/api.w.org\/{rel}","templated":true}]}}