{"id":37,"date":"2024-06-06T10:43:24","date_gmt":"2024-06-06T10:43:24","guid":{"rendered":"https:\/\/magiamallorca.com\/?post_type=product&#038;p=37"},"modified":"2025-05-07T18:03:18","modified_gmt":"2025-05-07T18:03:18","slug":"dado-clarividente","status":"publish","type":"product","link":"https:\/\/magiamallorca.com\/?product=dado-clarividente","title":{"rendered":"Dado Clarividente"},"content":{"rendered":"<p>Muestras un dado y dos peque\u00f1os cilindros vac\u00edos con sus tapas. Pide a un espectador que elija mentalmente un n\u00famero del dado y que lo ponga dentro del cilindro m\u00e1s peque\u00f1o y lo cierre. Ahora, m\u00e9telo todo dentro del cilindro m\u00e1s grande y ci\u00e9rralo con su tapa. Conc\u00e9ntrate durante unos segundos y, ley\u00e9ndolo la mente del espectador, revela el n\u00famero elegido. Para terminar, abres los dos cilindros y demuestras al p\u00fablico que has acertado<\/p>\n<p>Se puede entregar todo para su examen. Sencillo de realizar, ideal para iniciarse en la magia.<\/p>\n<p><iframe loading=\"lazy\" title=\"Dado Clarividente\" width=\"980\" height=\"551\" src=\"https:\/\/www.youtube.com\/embed\/AgB-pvYNmwM?feature=oembed\" frameborder=\"0\" allow=\"accelerometer; autoplay; clipboard-write; encrypted-media; gyroscope; picture-in-picture; web-share\" referrerpolicy=\"strict-origin-when-cross-origin\" allowfullscreen><\/iframe><\/p>\n","protected":false},"excerpt":{"rendered":"<p>Adivina el n\u00famero pensado por un espectador gracias a este dado m\u00e1gico. Todo se puede examinar<\/p>\n","protected":false},"featured_media":38,"comment_status":"open","ping_status":"closed","template":"","meta":[],"product_brand":[],"product_cat":[28],"product_tag":[],"class_list":{"0":"post-37","1":"product","2":"type-product","3":"status-publish","4":"has-post-thumbnail","6":"product_cat-iniciacion","8":"first","9":"instock","10":"taxable","11":"shipping-taxable","12":"purchasable","13":"product-type-simple"},"jetpack_sharing_enabled":true,"_links":{"self":[{"href":"https:\/\/magiamallorca.com\/index.php?rest_route=\/wp\/v2\/product\/37","targetHints":{"allow":["GET"]}}],"collection":[{"href":"https:\/\/magiamallorca.com\/index.php?rest_route=\/wp\/v2\/product"}],"about":[{"href":"https:\/\/magiamallorca.com\/index.php?rest_route=\/wp\/v2\/types\/product"}],"replies":[{"embeddable":true,"href":"https:\/\/magiamallorca.com\/index.php?rest_route=%2Fwp%2Fv2%2Fcomments&post=37"}],"wp:featuredmedia":[{"embeddable":true,"href":"https:\/\/magiamallorca.com\/index.php?rest_route=\/wp\/v2\/media\/38"}],"wp:attachment":[{"href":"https:\/\/magiamallorca.com\/index.php?rest_route=%2Fwp%2Fv2%2Fmedia&parent=37"}],"wp:term":[{"taxonomy":"product_brand","embeddable":true,"href":"https:\/\/magiamallorca.com\/index.php?rest_route=%2Fwp%2Fv2%2Fproduct_brand&post=37"},{"taxonomy":"product_cat","embeddable":true,"href":"https:\/\/magiamallorca.com\/index.php?rest_route=%2Fwp%2Fv2%2Fproduct_cat&post=37"},{"taxonomy":"product_tag","embeddable":true,"href":"https:\/\/magiamallorca.com\/index.php?rest_route=%2Fwp%2Fv2%2Fproduct_tag&post=37"}],"curies":[{"name":"wp","href":"https:\/\/api.w.org\/{rel}","templated":true}]}}